{"id":4,"date":"2023-03-26T13:33:19","date_gmt":"2023-03-26T13:33:19","guid":{"rendered":"http:\/\/transfer.dilo.red\/?page_id=2"},"modified":"2026-05-02T20:39:02","modified_gmt":"2026-05-02T20:39:02","slug":"sample-page-2","status":"publish","type":"page","link":"https:\/\/v36mcv5spc7.c.updraftclone.com\/","title":{"rendered":"Willkom-men, bienvenue, welcome,.."},"content":{"rendered":"<p class=\"has-text-align-right wp-block-site-tagline has-small-font-size\">[formerly known as JABS, Just Another Blog Site]<\/p>\n\n\n<div class=\"wp-block-cover is-repeated wp-duotone-unset-1\" style=\"min-height:428px;aspect-ratio:unset;\"><div class=\"wp-block-cover__image-background wp-image-7857 is-repeated\" style=\"background-position:0% 95%;background-image:url(https:\/\/v36mcv5spc7.c.updraftclone.com\/wp-content\/uploads\/2026\/02\/casa-lg.webp)\"><\/div><span aria-hidden=\"true\" class=\"wp-block-cover__background has-black-background-color has-background-dim-30 has-background-dim\"><\/span><div class=\"wp-block-cover__inner-container is-layout-flow wp-block-cover-is-layout-flow\"><div class=\"wp-block-image is-resized\">\n<figure class=\"alignright size-large\"><img loading=\"lazy\" decoding=\"async\" width=\"1024\" height=\"1024\" src=\"https:\/\/v36mcv5spc7.c.updraftclone.com\/wp-content\/uploads\/2023\/03\/earth-3-1024x1024.jpg\" alt=\"\" class=\"wp-image-166\" style=\"width:159px;height:auto\" srcset=\"https:\/\/v36mcv5spc7.c.updraftclone.com\/wp-content\/uploads\/2023\/03\/earth-3-1024x1024.jpg 1024w, https:\/\/v36mcv5spc7.c.updraftclone.com\/wp-content\/uploads\/2023\/03\/earth-3-300x300.jpg 300w, https:\/\/v36mcv5spc7.c.updraftclone.com\/wp-content\/uploads\/2023\/03\/earth-3-150x150.jpg 150w, https:\/\/v36mcv5spc7.c.updraftclone.com\/wp-content\/uploads\/2023\/03\/earth-3-768x768.jpg 768w, https:\/\/v36mcv5spc7.c.updraftclone.com\/wp-content\/uploads\/2023\/03\/earth-3-1536x1536.jpg 1536w, https:\/\/v36mcv5spc7.c.updraftclone.com\/wp-content\/uploads\/2023\/03\/earth-3-2048x2048.jpg 2048w, https:\/\/v36mcv5spc7.c.updraftclone.com\/wp-content\/uploads\/2023\/03\/earth-3-88x88.jpg 88w, https:\/\/v36mcv5spc7.c.updraftclone.com\/wp-content\/uploads\/2023\/03\/earth-3-973x973.jpg 973w, https:\/\/v36mcv5spc7.c.updraftclone.com\/wp-content\/uploads\/2023\/03\/earth-3-508x508.jpg 508w\" sizes=\"auto, (max-width: 1024px) 100vw, 1024px\" \/><\/figure>\n<\/div>\n\n\n<div class=\"wp-block-group is-nowrap is-layout-flex wp-container-core-group-is-layout-ad2f72ca wp-block-group-is-layout-flex\">\n<p class=\"has-text-align-center has-white-color has-text-color has-larger-font-size\"><strong><em>The Global Village<\/em><\/strong><\/p>\n<\/div>\n\n\n\n<p class=\"has-small-font-size\"><br><br><\/p>\n\n\n\n<p class=\"has-small-font-size\">English (America Britain) &#8212; Welcome<br>English [Old English] (Old Britain) &#8212; Wilcume<br>Eskimo &#8212; Khanog-illinga-vet<br>Estonian (Estonia) &#8212; Tere Tulemast<\/p>\n\n\n\n<p class=\"has-small-font-size\"><br><\/p>\n\n\n\n<div class=\"wp-block-buttons is-layout-flex wp-block-buttons-is-layout-flex\">\n<div class=\"wp-block-button\"><a class=\"wp-block-button__link wp-element-button\" href=\"https:\/\/www.festtagsgedichte.de\/startseite\/herzlich-willkommen-in-fast-allen-sprachen.htm\">More<\/a><\/div>\n<\/div>\n\n\n\n<h6 class=\"wp-block-heading has-text-align-right has-text-color\" style=\"color:#bbbbbb\">Foto : NASA<\/h6>\n\n\n\n<p class=\"has-text-align-right has-small-font-size\">Cassiopeia A (or Cas A) supernova remnant<\/p>\n<\/div><\/div>\n\n\n\n<p class=\"has-text-align-right has-small-font-size\"><strong>[ ongoing cleanups &amp; pending domain transfer to future host ]<\/strong><\/p>\n\n\n<div class=\"has-text-align-right wp-block-post-date\"><time datetime=\"2026-04-28T16:27:19.692Z\">28. April 2026<\/time><\/div>\n\n\n<hr class=\"wp-block-separator has-alpha-channel-opacity\"\/>\n\n\n\n<p class=\"has-text-align-right has-very-light-gray-to-cyan-bluish-gray-gradient-background has-background\"><strong>Monthly citation, motto, orientation, event ..<\/strong><\/p>\n\n\n\n<div class=\"wp-block-columns has-light-gray-color has-very-light-gray-to-cyan-bluish-gray-gradient-background has-text-color has-background has-link-color wp-elements-4274679549487e5462d2a5beebf4c1aa is-layout-flex wp-container-core-columns-is-layout-9d6595d7 wp-block-columns-is-layout-flex\">\n<div class=\"wp-block-column is-layout-flow wp-block-column-is-layout-flow\">\n<div class=\"wp-block-columns is-layout-flex wp-container-core-columns-is-layout-9d6595d7 wp-block-columns-is-layout-flex\">\n<div class=\"wp-block-column is-layout-flow wp-block-column-is-layout-flow\">\n<div class=\"wp-block-columns is-layout-flex wp-container-core-columns-is-layout-9d6595d7 wp-block-columns-is-layout-flex\">\n<div class=\"wp-block-column is-layout-flow wp-block-column-is-layout-flow\">\n<p><strong>L&#8217;Orfeo<\/strong><\/p>\n\n\n\n<details class=\"wp-block-details is-layout-flow wp-block-details-is-layout-flow\"><summary>Sa. 02.05.2026, 19:00Uhr<br>Schwetzingen Rokokotheater<\/summary>\n<p><em><a href=\"https:\/\/de.wikipedia.org\/wiki\/Favola_in_Musica\">Favola in Musica<\/a><\/em> von <a href=\"https:\/\/de.wikipedia.org\/wiki\/Claudio_Monteverdi\">Claudio Monteverdi<\/a>, 1607. Das <a href=\"https:\/\/de.wikipedia.org\/wiki\/Libretto\">Libretto<\/a> stammt von <a href=\"https:\/\/de.wikipedia.org\/wiki\/Alessandro_Striggio_der_J\u00fcngere\">Alessandro Striggio dem J\u00fcngeren<\/a>. Die <a href=\"https:\/\/de.wikipedia.org\/wiki\/Oper\">Oper<\/a> besteht aus einem Prolog und f\u00fcnf <a href=\"https:\/\/de.wikipedia.org\/wiki\/Akt_(Theater)\">Akten<\/a>. Der Inhalt ist eine freie Wiedergabe der griechischen Sage von <a href=\"https:\/\/de.wikipedia.org\/wiki\/Orpheus\">Orpheus<\/a> und <a href=\"https:\/\/de.wikipedia.org\/wiki\/Eurydike_(Nymphe)\">Eurydike<\/a>.<\/p>\n<\/details>\n\n\n\n<p>..ein gelungener Abend, diese Premiere mit einem \u00fcberaus dankbaren, vollen Haus. Ein traumhafter Schlo\u00dfpark, der mich empfing nach der Auff\u00fchrung, wo man verbleiben will, den Mondaufgang zu erwarten, um auf Euridike zu hoffen. Auf alle F\u00e4lle pr\u00e4sent , die Wassernymphen an den Wasserspielen, Amor in Wartestellung. Che faro..<\/p>\n<\/div>\n\n\n\n<div class=\"wp-block-column is-layout-flow wp-block-column-is-layout-flow\"><div class=\"wp-block-image\">\n<figure class=\"aligncenter size-large\"><a href=\"https:\/\/v36mcv5spc7.c.updraftclone.com\/wp-content\/uploads\/2026\/04\/SDIM0852.jpg\"><img loading=\"lazy\" decoding=\"async\" width=\"1024\" height=\"683\" src=\"https:\/\/v36mcv5spc7.c.updraftclone.com\/wp-content\/uploads\/2026\/04\/SDIM0852-1024x683.jpg\" alt=\"\" class=\"wp-image-9062\" srcset=\"https:\/\/v36mcv5spc7.c.updraftclone.com\/wp-content\/uploads\/2026\/04\/SDIM0852-1024x683.jpg 1024w, https:\/\/v36mcv5spc7.c.updraftclone.com\/wp-content\/uploads\/2026\/04\/SDIM0852-300x200.jpg 300w, https:\/\/v36mcv5spc7.c.updraftclone.com\/wp-content\/uploads\/2026\/04\/SDIM0852-768x512.jpg 768w, https:\/\/v36mcv5spc7.c.updraftclone.com\/wp-content\/uploads\/2026\/04\/SDIM0852-1536x1024.jpg 1536w, https:\/\/v36mcv5spc7.c.updraftclone.com\/wp-content\/uploads\/2026\/04\/SDIM0852-973x649.jpg 973w, https:\/\/v36mcv5spc7.c.updraftclone.com\/wp-content\/uploads\/2026\/04\/SDIM0852-508x339.jpg 508w, https:\/\/v36mcv5spc7.c.updraftclone.com\/wp-content\/uploads\/2026\/04\/SDIM0852.jpg 2048w\" sizes=\"auto, (max-width: 1024px) 100vw, 1024px\" \/><\/a><figcaption class=\"wp-element-caption\"><strong><em>\u00a9<\/em>ar<\/strong><\/figcaption><\/figure>\n<\/div>\n\n\n<figure class=\"wp-block-embed aligncenter is-type-video is-provider-youtube wp-block-embed-youtube wp-embed-aspect-16-9 wp-has-aspect-ratio\"><div class=\"wp-block-embed__wrapper\">\n<iframe loading=\"lazy\" title=\"Philippe Jaroussky records Gluck: Che far\u00f2 senza Euridice (Orfeo ed Euridice)\" width=\"620\" height=\"349\" src=\"https:\/\/www.youtube.com\/embed\/Z8dIevs0VlU?feature=oembed\" frameborder=\"0\" allow=\"accelerometer; autoplay; clipboard-write; encrypted-media; gyroscope; picture-in-picture; web-share\" referrerpolicy=\"strict-origin-when-cross-origin\" allowfullscreen><\/iframe>\n<\/div><figcaption class=\"wp-element-caption\">che far\u00f2 senza .., Gluck 1762<\/figcaption><\/figure>\n<\/div>\n<\/div>\n<\/div>\n<\/div>\n<\/div>\n<\/div>\n\n\n\n<p class=\"has-text-align-right has-very-light-gray-to-cyan-bluish-gray-gradient-background has-background\"><strong>The monthly find, youtube clip, place..<\/strong><\/p>\n\n\n\n<div class=\"wp-block-columns is-layout-flex wp-container-core-columns-is-layout-9d6595d7 wp-block-columns-is-layout-flex\">\n<div class=\"wp-block-column is-layout-flow wp-block-column-is-layout-flow\">\n<div class=\"wp-block-columns is-layout-flex wp-container-core-columns-is-layout-9d6595d7 wp-block-columns-is-layout-flex\">\n<div class=\"wp-block-column is-layout-flow wp-block-column-is-layout-flow\">\n<figure class=\"wp-block-embed is-type-video is-provider-youtube wp-block-embed-youtube wp-embed-aspect-9-16 wp-has-aspect-ratio\"><div class=\"wp-block-embed__wrapper\">\n<iframe loading=\"lazy\" title=\"&quot;I&#039;m sorry Dave, I&#039;m afraid I can&#039;t do that&quot; \ud83d\udd34 \ud83c\udfa5: 2001: A Space Odyssey (1968)\" width=\"523\" height=\"930\" src=\"https:\/\/www.youtube.com\/embed\/5lsExRvJTAI?feature=oembed\" frameborder=\"0\" allow=\"accelerometer; autoplay; clipboard-write; encrypted-media; gyroscope; picture-in-picture; web-share\" referrerpolicy=\"strict-origin-when-cross-origin\" allowfullscreen><\/iframe>\n<\/div><figcaption class=\"wp-element-caption\">hal<\/figcaption><\/figure>\n<\/div>\n\n\n\n<div class=\"wp-block-column is-vertically-aligned-center is-layout-flow wp-block-column-is-layout-flow\">\n<figure class=\"wp-block-embed is-type-video is-provider-youtube wp-block-embed-youtube wp-embed-aspect-9-16 wp-has-aspect-ratio\"><div class=\"wp-block-embed__wrapper\">\n<iframe loading=\"lazy\" title=\"NEW SONG! Stay a Little Longer by Eddie Dalton \u2764\ufe0f\u200d\ud83e\ude79\" width=\"523\" height=\"930\" src=\"https:\/\/www.youtube.com\/embed\/jLitvPNjWAE?feature=oembed\" frameborder=\"0\" allow=\"accelerometer; autoplay; clipboard-write; encrypted-media; gyroscope; picture-in-picture; web-share\" referrerpolicy=\"strict-origin-when-cross-origin\" allowfullscreen><\/iframe>\n<\/div><figcaption class=\"wp-element-caption\">eddie from ai<\/figcaption><\/figure>\n<\/div>\n<\/div>\n<\/div>\n<\/div>\n\n\n\n<div class=\"wp-block-columns is-layout-flex wp-container-core-columns-is-layout-9d6595d7 wp-block-columns-is-layout-flex\">\n<div class=\"wp-block-column is-layout-flow wp-block-column-is-layout-flow\"><\/div>\n<\/div>\n\n\n\n<hr class=\"wp-block-separator has-alpha-channel-opacity\"\/>\n\n\n\n<div class=\"wp-block-columns is-layout-flex wp-container-core-columns-is-layout-9d6595d7 wp-block-columns-is-layout-flex\">\n<div class=\"wp-block-column is-layout-flow wp-block-column-is-layout-flow\"><form role=\"search\" method=\"get\" action=\"https:\/\/v36mcv5spc7.c.updraftclone.com\/\" class=\"wp-block-search__button-outside wp-block-search__text-button wp-block-search\"    ><label class=\"wp-block-search__label\" for=\"wp-block-search__input-2\" >search on site<\/label><div class=\"wp-block-search__inside-wrapper\" ><input class=\"wp-block-search__input\" id=\"wp-block-search__input-2\" placeholder=\"\" value=\"\" type=\"search\" name=\"s\" required \/><button aria-label=\"Suchen\" class=\"wp-block-search__button wp-element-button\" type=\"submit\" >Suchen<\/button><\/div><\/form><\/div>\n\n\n\n<div class=\"wp-block-column is-layout-flow wp-block-column-is-layout-flow\"><\/div>\n<\/div>\n\n\n\n<p class=\"has-very-light-gray-to-cyan-bluish-gray-gradient-background has-background has-small-font-size\">Alan Rolsky at the web \u00a9 by Alan Rolsky 2026 &#8211; alan.rolsky@web.de<\/p>\n\n\n\n<p class=\"has-very-light-gray-to-cyan-bluish-gray-gradient-background has-background has-small-font-size\"> <a href=\"https:\/\/v36mcv5spc7.c.updraftclone.com\/?page_id=72\">\u00a9 and licenses<\/a><\/p>\n\n\n\n<p><\/p>\n","protected":false},"excerpt":{"rendered":"<p>[ ongoing cleanups &amp; pending domain transfer to future host ] Monthly citation, motto, orientation, event .. L&#8217;Orfeo ..ein gelungener Abend, diese Premiere mit einem \u00fcberaus dankbaren, vollen&#8230;<\/p>\n","protected":false},"author":2,"featured_media":0,"parent":0,"menu_order":0,"comment_status":"closed","ping_status":"open","template":"","meta":{"footnotes":"[]"},"class_list":["post-4","page","type-page","status-publish","hentry"],"_links":{"self":[{"href":"https:\/\/v36mcv5spc7.c.updraftclone.com\/index.php?rest_route=\/wp\/v2\/pages\/4","targetHints":{"allow":["GET"]}}],"collection":[{"href":"https:\/\/v36mcv5spc7.c.updraftclone.com\/index.php?rest_route=\/wp\/v2\/pages"}],"about":[{"href":"https:\/\/v36mcv5spc7.c.updraftclone.com\/index.php?rest_route=\/wp\/v2\/types\/page"}],"author":[{"embeddable":true,"href":"https:\/\/v36mcv5spc7.c.updraftclone.com\/index.php?rest_route=\/wp\/v2\/users\/2"}],"replies":[{"embeddable":true,"href":"https:\/\/v36mcv5spc7.c.updraftclone.com\/index.php?rest_route=%2Fwp%2Fv2%2Fcomments&post=4"}],"version-history":[{"count":408,"href":"https:\/\/v36mcv5spc7.c.updraftclone.com\/index.php?rest_route=\/wp\/v2\/pages\/4\/revisions"}],"predecessor-version":[{"id":9187,"href":"https:\/\/v36mcv5spc7.c.updraftclone.com\/index.php?rest_route=\/wp\/v2\/pages\/4\/revisions\/9187"}],"wp:attachment":[{"href":"https:\/\/v36mcv5spc7.c.updraftclone.com\/index.php?rest_route=%2Fwp%2Fv2%2Fmedia&parent=4"}],"curies":[{"name":"wp","href":"https:\/\/api.w.org\/{rel}","templated":true}]}}